{"id":120,"date":"2021-03-14T16:16:13","date_gmt":"2021-03-14T16:16:13","guid":{"rendered":"https:\/\/www.traumschmiede-binzen.de\/?page_id=120"},"modified":"2021-03-14T16:39:58","modified_gmt":"2021-03-14T16:39:58","slug":"impressum","status":"publish","type":"page","link":"https:\/\/www.traumschmiede-binzen.de\/en_us\/impressum\/","title":{"rendered":"Impressum"},"content":{"rendered":"<p><strong>Susanne &amp; Uwe Pommerening<\/strong><br>Koppengasse 26<br>79589 Binzen<\/p>\n\n\n\n<p>Telefon: +49 (0) 173 31 87725<br>E-Mail: info@traumschmiede-binzen.de<br><\/p>\n\n\n\n<p><strong>Haftungsausschluss<\/strong><\/p>\n\n\n\n<p>Alle Informationen auf dieser Homepage erfolgen nach bestem Wissen, jedoch ohne Gew\u00e4hr f\u00fcr die Richtigkeit. In keinem Fall wird f\u00fcr Sch\u00e4den, die sich aus der Verwendung der abgerufenen Informationen ergeben, eine Haftung \u00fcbernommen.<\/p>\n\n\n\n<p>Diese Website beinhaltet Links zu fremden Angeboten. Wir machen darauf aufmerksam, dass wir uns diese fremden Seiteninhalte nicht zu eigen machen. Wir haben keinen Einflu\u00df auf die fremden Seiteninhalte und \u00fcbernehmen daf\u00fcr keinerlei Verantwortung.<\/p>\n\n\n\n<p>Sollten durch die fremden Inhalte Rechte oder gesetzliche Vorschriften verletzt werden, werden wir den Link unverz\u00fcglich beseitigen, sobald uns die Rechts- oder Gesetzesverletzung angezeigt wurde.<\/p>\n\n\n\n<p>\u00c4nderungen und Irrt\u00fcmer vorbehalten.<\/p>","protected":false},"excerpt":{"rendered":"<p>Susanne &amp; Uwe PommereningKoppengasse 2679589 Binzen Telefon: +49 (0) 173 31 87725E-Mail: info@traumschmiede-binzen.de Haftungsausschluss Alle Informationen auf dieser Homepage erfolgen nach bestem Wissen, jedoch ohne Gew\u00e4hr f\u00fcr die Richtigkeit. In keinem Fall wird f\u00fcr Sch\u00e4den, die sich aus der Verwendung der abgerufenen Informationen ergeben, eine Haftung \u00fcbernommen. Diese Website beinhaltet Links zu fremden Angeboten. Wir [&hellip;]<\/p>\n","protected":false},"author":1,"featured_media":0,"parent":0,"menu_order":0,"comment_status":"closed","ping_status":"closed","template":"","meta":{"ocean_post_layout":"","ocean_both_sidebars_style":"","ocean_both_sidebars_content_width":0,"ocean_both_sidebars_sidebars_width":0,"ocean_sidebar":"0","ocean_second_sidebar":"0","ocean_disable_margins":"enable","ocean_add_body_class":"","ocean_shortcode_before_top_bar":"","ocean_shortcode_after_top_bar":"","ocean_shortcode_before_header":"","ocean_shortcode_after_header":"","ocean_has_shortcode":"","ocean_shortcode_after_title":"","ocean_shortcode_before_footer_widgets":"","ocean_shortcode_after_footer_widgets":"","ocean_shortcode_before_footer_bottom":"","ocean_shortcode_after_footer_bottom":"","ocean_display_top_bar":"default","ocean_display_header":"default","ocean_header_style":"","ocean_center_header_left_menu":"0","ocean_custom_header_template":"0","ocean_custom_logo":0,"ocean_custom_retina_logo":0,"ocean_custom_logo_max_width":0,"ocean_custom_logo_tablet_max_width":0,"ocean_custom_logo_mobile_max_width":0,"ocean_custom_logo_max_height":0,"ocean_custom_logo_tablet_max_height":0,"ocean_custom_logo_mobile_max_height":0,"ocean_header_custom_menu":"0","ocean_menu_typo_font_family":"0","ocean_menu_typo_font_subset":"","ocean_menu_typo_font_size":0,"ocean_menu_typo_font_size_tablet":0,"ocean_menu_typo_font_size_mobile":0,"ocean_menu_typo_font_size_unit":"px","ocean_menu_typo_font_weight":"","ocean_menu_typo_font_weight_tablet":"","ocean_menu_typo_font_weight_mobile":"","ocean_menu_typo_transform":"","ocean_menu_typo_transform_tablet":"","ocean_menu_typo_transform_mobile":"","ocean_menu_typo_line_height":0,"ocean_menu_typo_line_height_tablet":0,"ocean_menu_typo_line_height_mobile":0,"ocean_menu_typo_line_height_unit":"","ocean_menu_typo_spacing":0,"ocean_menu_typo_spacing_tablet":0,"ocean_menu_typo_spacing_mobile":0,"ocean_menu_typo_spacing_unit":"","ocean_menu_link_color":"","ocean_menu_link_color_hover":"","ocean_menu_link_color_active":"","ocean_menu_link_background":"","ocean_menu_link_hover_background":"","ocean_menu_link_active_background":"","ocean_menu_social_links_bg":"","ocean_menu_social_hover_links_bg":"","ocean_menu_social_links_color":"","ocean_menu_social_hover_links_color":"","ocean_disable_title":"default","ocean_disable_heading":"default","ocean_post_title":"","ocean_post_subheading":"","ocean_post_title_style":"","ocean_post_title_background_color":"","ocean_post_title_background":0,"ocean_post_title_bg_image_position":"","ocean_post_title_bg_image_attachment":"","ocean_post_title_bg_image_repeat":"","ocean_post_title_bg_image_size":"","ocean_post_title_height":0,"ocean_post_title_bg_overlay":0.5,"ocean_post_title_bg_overlay_color":"","ocean_disable_breadcrumbs":"default","ocean_breadcrumbs_color":"","ocean_breadcrumbs_separator_color":"","ocean_breadcrumbs_links_color":"","ocean_breadcrumbs_links_hover_color":"","ocean_display_footer_widgets":"default","ocean_display_footer_bottom":"default","ocean_custom_footer_template":"0","footnotes":""},"class_list":["post-120","page","type-page","status-publish","hentry","entry"],"_links":{"self":[{"href":"https:\/\/www.traumschmiede-binzen.de\/en_us\/wp-json\/wp\/v2\/pages\/120","targetHints":{"allow":["GET"]}}],"collection":[{"href":"https:\/\/www.traumschmiede-binzen.de\/en_us\/wp-json\/wp\/v2\/pages"}],"about":[{"href":"https:\/\/www.traumschmiede-binzen.de\/en_us\/wp-json\/wp\/v2\/types\/page"}],"author":[{"embeddable":true,"href":"https:\/\/www.traumschmiede-binzen.de\/en_us\/wp-json\/wp\/v2\/users\/1"}],"replies":[{"embeddable":true,"href":"https:\/\/www.traumschmiede-binzen.de\/en_us\/wp-json\/wp\/v2\/comments?post=120"}],"version-history":[{"count":5,"href":"https:\/\/www.traumschmiede-binzen.de\/en_us\/wp-json\/wp\/v2\/pages\/120\/revisions"}],"predecessor-version":[{"id":129,"href":"https:\/\/www.traumschmiede-binzen.de\/en_us\/wp-json\/wp\/v2\/pages\/120\/revisions\/129"}],"wp:attachment":[{"href":"https:\/\/www.traumschmiede-binzen.de\/en_us\/wp-json\/wp\/v2\/media?parent=120"}],"curies":[{"name":"wp","href":"https:\/\/api.w.org\/{rel}","templated":true}]}}